{"id":269,"date":"2024-02-07T12:56:39","date_gmt":"2024-02-07T11:56:39","guid":{"rendered":"https:\/\/proyectocantabro.com\/our-story\/"},"modified":"2024-10-08T16:58:36","modified_gmt":"2024-10-08T14:58:36","slug":"sobre-nosotros","status":"publish","type":"page","link":"https:\/\/proyectocantabro.com\/en\/sobre-nosotros\/","title":{"rendered":"About Us"},"content":{"rendered":"<div data-elementor-type=\"wp-page\" data-elementor-id=\"269\" class=\"elementor elementor-269\">\n\t\t\t\t<div class=\"elementor-element elementor-element-47a8853c e-con-full e-flex e-con e-parent\" data-id=\"47a8853c\" data-element_type=\"container\" data-e-type=\"container\">\n\t\t<div class=\"elementor-element elementor-element-17565af1 e-con-full e-flex e-con e-child\" data-id=\"17565af1\" data-element_type=\"container\" data-e-type=\"container\" data-settings=\"{&quot;background_background&quot;:&quot;classic&quot;}\">\n\t\t\t\t<div class=\"elementor-element elementor-element-763826c elementor-widget elementor-widget-image\" data-id=\"763826c\" data-element_type=\"widget\" data-e-type=\"widget\" data-widget_type=\"image.default\">\n\t\t\t\t<div class=\"elementor-widget-container\">\n\t\t\t\t\t\t\t\t\t\t\t\t\t\t\t<img fetchpriority=\"high\" decoding=\"async\" width=\"768\" height=\"1152\" src=\"https:\/\/proyectocantabro.com\/wp-content\/uploads\/2024\/02\/pexels-frederick-adegoke-snr-17708043-768x1152.jpg\" class=\"attachment-medium_large size-medium_large wp-image-534\" alt=\"\" srcset=\"https:\/\/proyectocantabro.com\/wp-content\/uploads\/2024\/02\/pexels-frederick-adegoke-snr-17708043-768x1152.jpg 768w, https:\/\/proyectocantabro.com\/wp-content\/uploads\/2024\/02\/pexels-frederick-adegoke-snr-17708043-200x300.jpg 200w, https:\/\/proyectocantabro.com\/wp-content\/uploads\/2024\/02\/pexels-frederick-adegoke-snr-17708043-683x1024.jpg 683w, https:\/\/proyectocantabro.com\/wp-content\/uploads\/2024\/02\/pexels-frederick-adegoke-snr-17708043-1024x1536.jpg 1024w, https:\/\/proyectocantabro.com\/wp-content\/uploads\/2024\/02\/pexels-frederick-adegoke-snr-17708043-1365x2048.jpg 1365w, https:\/\/proyectocantabro.com\/wp-content\/uploads\/2024\/02\/pexels-frederick-adegoke-snr-17708043-scaled.jpg 1707w\" sizes=\"(max-width: 768px) 100vw, 768px\" \/>\t\t\t\t\t\t\t\t\t\t\t\t\t\t\t<\/div>\n\t\t\t\t<\/div>\n\t\t\t\t<\/div>\n\t\t<div class=\"elementor-element elementor-element-8734fb e-con-full e-flex e-con e-child\" data-id=\"8734fb\" data-element_type=\"container\" data-e-type=\"container\">\n\t\t\t\t<div class=\"elementor-element elementor-element-3d319af elementor-widget elementor-widget-spacer\" data-id=\"3d319af\" data-element_type=\"widget\" data-e-type=\"widget\" data-widget_type=\"spacer.default\">\n\t\t\t\t<div class=\"elementor-widget-container\">\n\t\t\t\t\t\t\t<div class=\"elementor-spacer\">\n\t\t\t<div class=\"elementor-spacer-inner\"><\/div>\n\t\t<\/div>\n\t\t\t\t\t\t<\/div>\n\t\t\t\t<\/div>\n\t\t\t\t<div class=\"elementor-element elementor-element-3fd0410 elementor-widget elementor-widget-heading\" data-id=\"3fd0410\" data-element_type=\"widget\" data-e-type=\"widget\" data-widget_type=\"heading.default\">\n\t\t\t\t<div class=\"elementor-widget-container\">\n\t\t\t\t\t<h1 class=\"elementor-heading-title elementor-size-default\">Our Story<\/h1>\t\t\t\t<\/div>\n\t\t\t\t<\/div>\n\t\t\t\t<div class=\"elementor-element elementor-element-662ba29b elementor-invisible elementor-widget elementor-widget-text-editor\" data-id=\"662ba29b\" data-element_type=\"widget\" data-e-type=\"widget\" data-settings=\"{&quot;_animation&quot;:&quot;fadeIn&quot;,&quot;_animation_delay&quot;:400}\" data-widget_type=\"text-editor.default\">\n\t\t\t\t<div class=\"elementor-widget-container\">\n\t\t\t\t\t\t\t\t\t<p>We are the Asociacion Proyecto Cantabro, leaders in improving the quality of life and promoting social inclusion in Cantabria. With extensive experience, we specialise in areas such as education, support for the elderly and the promotion of entrepreneurship. We collaborate with schools, parents, young people and adults in various social programmes. Our community engagement has earned us a solid reputation as agents of positive change in the region, through innovative projects that address immediate needs and lay the foundations for long-term sustainable growth.\u00a0<\/p><p>Through our committed, community-focused work, we have developed a strong reputation as agents of positive change in Cantabria. Our holistic vision encompasses the creation of innovative projects that not only address immediate needs, but also lay solid foundations for long-term sustainable growth.<\/p><p>In collaboration with our network of European partners, we are committed to working together to devise, develop and test a variety of resources and materials to foster the connection and empowerment of local communities across the region. Furthermore, our approach is not just limited to the development of these resources, but also includes the crucial phase of field testing and evaluation. We work closely with local communities to implement these resources and evaluate their impact and effectiveness. This allows us to continually adjust and improve our strategies and materials to ensure that they are truly fulfilling their purpose of strengthening and uniting communities.<\/p><p>We pride ourselves on our ability to adapt to changing community needs and our proactive approach to finding effective solutions. Through strategic collaborations and a strong network of partners and volunteers, we continue to lead initiatives that positively impact the lives of Cantabria's residents.\u00a0<\/p><p>The Asociacion Proyecto Cantabro also aims to achieve a commitment to creating programmes that foster the connection and strengthening of local communities by offering informal education opportunities that empower individuals of all ages to reach their full potential and contribute significantly to the social network of Cantabria.\u00a0<\/p><p>At the Asociacion Proyecto Cantabro, we are committed to fostering integral development and promoting social inclusion in Cantabria through the implementation of innovative educational initiatives and community support programmes that generate a lasting impact.<\/p>\t\t\t\t\t\t\t\t<\/div>\n\t\t\t\t<\/div>\n\t\t\t\t<\/div>\n\t\t\t\t<\/div>\n\t\t<div class=\"elementor-element elementor-element-454aa4f5 e-flex e-con-boxed e-con e-parent\" data-id=\"454aa4f5\" data-element_type=\"container\" data-e-type=\"container\">\n\t\t\t\t\t<div class=\"e-con-inner\">\n\t\t\t\t<div class=\"elementor-element elementor-element-609f773c elementor-widget elementor-widget-heading\" data-id=\"609f773c\" data-element_type=\"widget\" data-e-type=\"widget\" data-widget_type=\"heading.default\">\n\t\t\t\t<div class=\"elementor-widget-container\">\n\t\t\t\t\t<h2 class=\"elementor-heading-title elementor-size-default\">About Us<br><\/h2>\t\t\t\t<\/div>\n\t\t\t\t<\/div>\n\t\t\t\t<div class=\"elementor-element elementor-element-d8cfe47 elementor-widget elementor-widget-spacer\" data-id=\"d8cfe47\" data-element_type=\"widget\" data-e-type=\"widget\" data-widget_type=\"spacer.default\">\n\t\t\t\t<div class=\"elementor-widget-container\">\n\t\t\t\t\t\t\t<div class=\"elementor-spacer\">\n\t\t\t<div class=\"elementor-spacer-inner\"><\/div>\n\t\t<\/div>\n\t\t\t\t\t\t<\/div>\n\t\t\t\t<\/div>\n\t\t\t\t\t<\/div>\n\t\t\t\t<\/div>\n\t\t<div class=\"elementor-element elementor-element-0608577 e-con-full e-flex e-con e-parent\" data-id=\"0608577\" data-element_type=\"container\" data-e-type=\"container\">\n\t\t<div class=\"elementor-element elementor-element-93e8b7b e-con-full e-flex e-con e-child\" data-id=\"93e8b7b\" data-element_type=\"container\" data-e-type=\"container\">\n\t\t\t\t<div class=\"elementor-element elementor-element-24b3e93 elementor-widget elementor-widget-image\" data-id=\"24b3e93\" data-element_type=\"widget\" data-e-type=\"widget\" data-widget_type=\"image.default\">\n\t\t\t\t<div class=\"elementor-widget-container\">\n\t\t\t\t\t\t\t\t\t\t\t\t\t\t\t<img decoding=\"async\" width=\"168\" height=\"300\" src=\"https:\/\/proyectocantabro.com\/wp-content\/uploads\/2024\/02\/WhatsApp-Image-2024-02-09-at-15.10.01-168x300.jpeg\" class=\"attachment-medium size-medium wp-image-629\" alt=\"\" srcset=\"https:\/\/proyectocantabro.com\/wp-content\/uploads\/2024\/02\/WhatsApp-Image-2024-02-09-at-15.10.01-168x300.jpeg 168w, https:\/\/proyectocantabro.com\/wp-content\/uploads\/2024\/02\/WhatsApp-Image-2024-02-09-at-15.10.01.jpeg 575w\" sizes=\"(max-width: 168px) 100vw, 168px\" \/>\t\t\t\t\t\t\t\t\t\t\t\t\t\t\t<\/div>\n\t\t\t\t<\/div>\n\t\t\t\t<div class=\"elementor-element elementor-element-dde924a elementor-widget elementor-widget-spacer\" data-id=\"dde924a\" data-element_type=\"widget\" data-e-type=\"widget\" data-widget_type=\"spacer.default\">\n\t\t\t\t<div class=\"elementor-widget-container\">\n\t\t\t\t\t\t\t<div class=\"elementor-spacer\">\n\t\t\t<div class=\"elementor-spacer-inner\"><\/div>\n\t\t<\/div>\n\t\t\t\t\t\t<\/div>\n\t\t\t\t<\/div>\n\t\t\t\t<\/div>\n\t\t<div class=\"elementor-element elementor-element-a389bc6 e-con-full e-flex e-con e-child\" data-id=\"a389bc6\" data-element_type=\"container\" data-e-type=\"container\">\n\t\t\t\t<div class=\"elementor-element elementor-element-f81baeb elementor-widget elementor-widget-image\" data-id=\"f81baeb\" data-element_type=\"widget\" data-e-type=\"widget\" data-widget_type=\"image.default\">\n\t\t\t\t<div class=\"elementor-widget-container\">\n\t\t\t\t\t\t\t\t\t\t\t\t\t\t\t<img decoding=\"async\" width=\"768\" height=\"1024\" src=\"https:\/\/proyectocantabro.com\/wp-content\/uploads\/2024\/02\/IMG_8432-Recuperado-768x1024.jpg\" class=\"attachment-medium_large size-medium_large wp-image-634\" alt=\"\" srcset=\"https:\/\/proyectocantabro.com\/wp-content\/uploads\/2024\/02\/IMG_8432-Recuperado-768x1024.jpg 768w, https:\/\/proyectocantabro.com\/wp-content\/uploads\/2024\/02\/IMG_8432-Recuperado-225x300.jpg 225w, https:\/\/proyectocantabro.com\/wp-content\/uploads\/2024\/02\/IMG_8432-Recuperado-1152x1536.jpg 1152w, https:\/\/proyectocantabro.com\/wp-content\/uploads\/2024\/02\/IMG_8432-Recuperado-1536x2048.jpg 1536w, https:\/\/proyectocantabro.com\/wp-content\/uploads\/2024\/02\/IMG_8432-Recuperado-scaled.jpg 1920w\" sizes=\"(max-width: 768px) 100vw, 768px\" \/>\t\t\t\t\t\t\t\t\t\t\t\t\t\t\t<\/div>\n\t\t\t\t<\/div>\n\t\t\t\t<\/div>\n\t\t<div class=\"elementor-element elementor-element-b10dfb0 e-con-full e-flex e-con e-child\" data-id=\"b10dfb0\" data-element_type=\"container\" data-e-type=\"container\">\n\t\t\t\t<div class=\"elementor-element elementor-element-ed3298f elementor-widget elementor-widget-spacer\" data-id=\"ed3298f\" data-element_type=\"widget\" data-e-type=\"widget\" data-widget_type=\"spacer.default\">\n\t\t\t\t<div class=\"elementor-widget-container\">\n\t\t\t\t\t\t\t<div class=\"elementor-spacer\">\n\t\t\t<div class=\"elementor-spacer-inner\"><\/div>\n\t\t<\/div>\n\t\t\t\t\t\t<\/div>\n\t\t\t\t<\/div>\n\t\t\t\t<div class=\"elementor-element elementor-element-2e3b976 elementor-widget elementor-widget-text-editor\" data-id=\"2e3b976\" data-element_type=\"widget\" data-e-type=\"widget\" data-widget_type=\"text-editor.default\">\n\t\t\t\t<div class=\"elementor-widget-container\">\n\t\t\t\t\t\t\t\t\t<p>We are a highly skilled team with an outstanding track record in European project management, focusing on education, innovation and community development. With years of experience behind us, we have led initiatives that have left a positive impact on communities across Europe. Our expertise lies in the development of cutting-edge educational materials and the creation of digital resources that transcend conventional boundaries. From conception to implementation, we have led the creation of pedagogical tools that adapt to the changing needs of education in the 21st century.\u00a0<\/p><p>Our commitment to excellence is reflected in every project we undertake. We strive to drive growth and transformation through innovative strategies and effective solutions. Whether collaborating with educational institutions, non-profit organisations or start-ups, our dedication to fostering progress is undeniable.\u00a0<\/p><p>But our experience doesn't stop there. We are also pioneers in the field of media management, having developed a wide range of multimedia and digital resources that have broadened the reach and impact of our projects. From producing instructional videos to creating interactive platforms, we have mastered the art of communicating powerful messages through a variety of channels. In addition, our in-depth knowledge of graphic design and media techniques allows us to offer a comprehensive and professional approach to every project we take on. Our ability to combine creativity with technology has positioned us as leaders in our field, delivering results that not only meet, but exceed the expectations of our people and partners.\u00a0<\/p>\t\t\t\t\t\t\t\t<\/div>\n\t\t\t\t<\/div>\n\t\t\t\t<div class=\"elementor-element elementor-element-dd27cc0 elementor-widget elementor-widget-spacer\" data-id=\"dd27cc0\" data-element_type=\"widget\" data-e-type=\"widget\" data-widget_type=\"spacer.default\">\n\t\t\t\t<div class=\"elementor-widget-container\">\n\t\t\t\t\t\t\t<div class=\"elementor-spacer\">\n\t\t\t<div class=\"elementor-spacer-inner\"><\/div>\n\t\t<\/div>\n\t\t\t\t\t\t<\/div>\n\t\t\t\t<\/div>\n\t\t\t\t<\/div>\n\t\t\t\t<\/div>\n\t\t<footer class=\"elementor-element elementor-element-4f3e1239 e-con-full e-flex e-con e-parent\" data-id=\"4f3e1239\" data-element_type=\"container\" data-e-type=\"container\">\n\t\t<div class=\"elementor-element elementor-element-6e144b34 e-con-full e-flex e-con e-child\" data-id=\"6e144b34\" data-element_type=\"container\" data-e-type=\"container\">\n\t\t\t\t<div class=\"elementor-element elementor-element-234178d9 elementor-widget elementor-widget-image\" data-id=\"234178d9\" data-element_type=\"widget\" data-e-type=\"widget\" data-widget_type=\"image.default\">\n\t\t\t\t<div class=\"elementor-widget-container\">\n\t\t\t\t\t\t\t\t\t\t\t\t\t\t\t<img decoding=\"async\" src=\"https:\/\/proyectocantabro.com\/wp-content\/uploads\/elementor\/thumbs\/PROCAN-LOGO-qjgo4dyif8a15ttzk9fgv4hvgg1hl1xkpz5f6j5kl0.png\" title=\"PROCAN LOGO\" alt=\"LOGO PROCAN\" loading=\"lazy\" \/>\t\t\t\t\t\t\t\t\t\t\t\t\t\t\t<\/div>\n\t\t\t\t<\/div>\n\t\t\t\t<\/div>\n\t\t<div class=\"elementor-element elementor-element-6547db96 e-con-full e-flex e-con e-child\" data-id=\"6547db96\" data-element_type=\"container\" data-e-type=\"container\">\n\t\t\t\t<div class=\"elementor-element elementor-element-6e43162e elementor-icon-list--layout-inline elementor-tablet-align-center elementor-align-center elementor-list-item-link-full_width elementor-widget elementor-widget-icon-list\" data-id=\"6e43162e\" data-element_type=\"widget\" data-e-type=\"widget\" data-widget_type=\"icon-list.default\">\n\t\t\t\t<div class=\"elementor-widget-container\">\n\t\t\t\t\t\t\t<ul class=\"elementor-icon-list-items elementor-inline-items\">\n\t\t\t\t\t\t\t<li class=\"elementor-icon-list-item elementor-inline-item\">\n\t\t\t\t\t\t\t\t\t\t<span class=\"elementor-icon-list-text\">(+34) 942 03 93 31<\/span>\n\t\t\t\t\t\t\t\t\t<\/li>\n\t\t\t\t\t\t\t\t<li class=\"elementor-icon-list-item elementor-inline-item\">\n\t\t\t\t\t\t\t\t\t\t<span class=\"elementor-icon-list-text\">Calle Castilla 87 4D C.P.39009<\/span>\n\t\t\t\t\t\t\t\t\t<\/li>\n\t\t\t\t\t\t\t\t<li class=\"elementor-icon-list-item elementor-inline-item\">\n\t\t\t\t\t\t\t\t\t\t<span class=\"elementor-icon-list-text\">Mon - Thu 9:30AM - 5:30PM  Fri 9:30AM - 4:30PM<\/span>\n\t\t\t\t\t\t\t\t\t<\/li>\n\t\t\t\t\t\t<\/ul>\n\t\t\t\t\t\t<\/div>\n\t\t\t\t<\/div>\n\t\t\t\t<\/div>\n\t\t<div class=\"elementor-element elementor-element-1ce53d0a e-con-full e-flex e-con e-child\" data-id=\"1ce53d0a\" data-element_type=\"container\" data-e-type=\"container\">\n\t\t\t\t<div class=\"elementor-element elementor-element-5706d99a e-grid-align-right e-grid-align-tablet-right e-grid-align-mobile-center elementor-widget-mobile__width-inherit elementor-shape-rounded elementor-grid-0 elementor-widget elementor-widget-social-icons\" data-id=\"5706d99a\" data-element_type=\"widget\" data-e-type=\"widget\" data-widget_type=\"social-icons.default\">\n\t\t\t\t<div class=\"elementor-widget-container\">\n\t\t\t\t\t\t\t<div class=\"elementor-social-icons-wrapper elementor-grid\" role=\"list\">\n\t\t\t\t\t\t\t<span class=\"elementor-grid-item\" role=\"listitem\">\n\t\t\t\t\t<a class=\"elementor-icon elementor-social-icon elementor-social-icon-facebook-f elementor-repeater-item-3f1b7ac\" href=\"https:\/\/www.facebook.com\/profile.php?id=61556740958179\" target=\"_blank\">\n\t\t\t\t\t\t<span class=\"elementor-screen-only\">Facebook-f<\/span>\n\t\t\t\t\t\t<svg aria-hidden=\"true\" class=\"e-font-icon-svg e-fab-facebook-f\" viewbox=\"0 0 320 512\" xmlns=\"http:\/\/www.w3.org\/2000\/svg\"><path d=\"M279.14 288l14.22-92.66h-88.91v-60.13c0-25.35 12.42-50.06 52.24-50.06h40.42V6.26S260.43 0 225.36 0c-73.22 0-121.08 44.38-121.08 124.72v70.62H22.89V288h81.39v224h100.17V288z\"><\/path><\/svg>\t\t\t\t\t<\/a>\n\t\t\t\t<\/span>\n\t\t\t\t\t\t\t<span class=\"elementor-grid-item\" role=\"listitem\">\n\t\t\t\t\t<a class=\"elementor-icon elementor-social-icon elementor-social-icon- elementor-repeater-item-5c0ce3c\" href=\"https:\/\/www.instagram.com\/proyectocantabro\/\" target=\"_blank\">\n\t\t\t\t\t\t<span class=\"elementor-screen-only\"><\/span>\n\t\t\t\t\t\t<svg xmlns=\"http:\/\/www.w3.org\/2000\/svg\" id=\"aaf4d88f-6908-42b9-b3d6-5d6a3ec06a43\" data-name=\"Layer 1\" width=\"27\" height=\"26\" viewbox=\"0 0 27 26\"><path d=\"M26.9922,13.12c0-1.952.0071-3.904-.0054-5.856a7.4912,7.4912,0,0,0-.12-1.3338,6.9762,6.9762,0,0,0-2.4989-4.1911,7.3149,7.3149,0,0,0-4.73-1.7279c-4.031-.02-8.0623-.0061-12.0935-.0071a7.347,7.347,0,0,0-3.6653.907,6.9367,6.9367,0,0,0-3.85,6.2265C-.025,11.0332.0121,14.93.0169,18.8272a6.5069,6.5069,0,0,0,.8908,3.3475A7.2785,7.2785,0,0,0,7.419,25.9708c4.0565.0558,8.1145.0148,12.1719.0131a7.6378,7.6378,0,0,0,4.9015-1.8408,6.9218,6.9218,0,0,0,2.4928-5.276C27.0143,16.9517,26.9915,15.0354,26.9922,13.12ZM13.4174,20.21a7.3625,7.3625,0,0,1-7.4061-7.2182,7.3505,7.3505,0,0,1,7.4992-7.2115,7.3516,7.3516,0,0,1,7.4852,7.2146A7.37,7.37,0,0,1,13.4174,20.21ZM22.4962,5.7791a1.48,1.48,0,0,1-1.5005-1.4476,1.5014,1.5014,0,0,1,3-.0009A1.481,1.481,0,0,1,22.4962,5.7791Z\" transform=\"translate(0 0)\" style=\"fill-rule:evenodd\"><\/path><path d=\"M13.4969,8.3571a4.7331,4.7331,0,0,0-4.8183,4.6445,4.74,4.74,0,0,0,4.8241,4.6413,4.74,4.74,0,0,0,4.8187-4.6466A4.7342,4.7342,0,0,0,13.4969,8.3571Z\" transform=\"translate(0 0)\" style=\"fill-rule:evenodd\"><\/path><\/svg>\t\t\t\t\t<\/a>\n\t\t\t\t<\/span>\n\t\t\t\t\t<\/div>\n\t\t\t\t\t\t<\/div>\n\t\t\t\t<\/div>\n\t\t\t\t<\/div>\n\t\t\t\t<\/footer>\n\t\t\t\t<\/div>","protected":false},"excerpt":{"rendered":"<p>Nuestra Historia La Asociaci\u00f3n Proyecto C\u00e1ntabro es una organizaci\u00f3n l\u00edder dedicada a mejorar la calidad de vida y promover la inclusi\u00f3n social en la regi\u00f3n de Cantabria. Con una vasta experiencia en el campo, nos especializamos en una amplia gama de \u00e1reas, incluyendo educaci\u00f3n, apoyo a personas mayores, fomento del emprendimiento, y colaboraci\u00f3n con escuelas, [&hellip;]<\/p>\n","protected":false},"author":1,"featured_media":0,"parent":0,"menu_order":0,"comment_status":"closed","ping_status":"closed","template":"","meta":{"footnotes":""},"class_list":["post-269","page","type-page","status-publish","hentry"],"aioseo_notices":[],"_links":{"self":[{"href":"https:\/\/proyectocantabro.com\/en\/wp-json\/wp\/v2\/pages\/269","targetHints":{"allow":["GET"]}}],"collection":[{"href":"https:\/\/proyectocantabro.com\/en\/wp-json\/wp\/v2\/pages"}],"about":[{"href":"https:\/\/proyectocantabro.com\/en\/wp-json\/wp\/v2\/types\/page"}],"author":[{"embeddable":true,"href":"https:\/\/proyectocantabro.com\/en\/wp-json\/wp\/v2\/users\/1"}],"replies":[{"embeddable":true,"href":"https:\/\/proyectocantabro.com\/en\/wp-json\/wp\/v2\/comments?post=269"}],"version-history":[{"count":134,"href":"https:\/\/proyectocantabro.com\/en\/wp-json\/wp\/v2\/pages\/269\/revisions"}],"predecessor-version":[{"id":1025,"href":"https:\/\/proyectocantabro.com\/en\/wp-json\/wp\/v2\/pages\/269\/revisions\/1025"}],"wp:attachment":[{"href":"https:\/\/proyectocantabro.com\/en\/wp-json\/wp\/v2\/media?parent=269"}],"curies":[{"name":"wp","href":"https:\/\/api.w.org\/{rel}","templated":true}]}}